{"id":1216,"date":"2022-12-21T03:48:04","date_gmt":"2022-12-21T03:48:04","guid":{"rendered":"https:\/\/islandgym.ca\/contactez-nous\/"},"modified":"2025-01-14T19:37:01","modified_gmt":"2025-01-14T19:37:01","slug":"gym-de-lile-contactez-nous","status":"publish","type":"page","link":"https:\/\/islandgym.ca\/fr\/gym-de-lile-contactez-nous\/","title":{"rendered":"Contactez nous"},"content":{"rendered":"\t\t<div data-elementor-type=\"wp-page\" data-elementor-id=\"1216\" class=\"elementor elementor-1216 elementor-160\">\n\t\t\t\t\t\t<section class=\"elementor-section elementor-top-section elementor-element elementor-element-27a5fb1a elementor-section-boxed elementor-section-height-default elementor-section-height-default\" data-id=\"27a5fb1a\" data-element_type=\"section\" data-e-type=\"section\" data-settings=\"{&quot;background_background&quot;:&quot;classic&quot;}\">\n\t\t\t\t\t\t\t<div class=\"elementor-background-overlay\"><\/div>\n\t\t\t\t\t\t\t<div class=\"elementor-container elementor-column-gap-default\">\n\t\t\t\t\t<div class=\"elementor-column elementor-col-100 elementor-top-column elementor-element elementor-element-ae3ab74 elementor-invisible\" data-id=\"ae3ab74\" data-element_type=\"column\" data-e-type=\"column\" data-settings=\"{&quot;animation&quot;:&quot;fadeInUp&quot;}\">\n\t\t\t<div class=\"elementor-widget-wrap elementor-element-populated\">\n\t\t\t\t\t\t<div class=\"elementor-element elementor-element-39be9d64 elementor-widget elementor-widget-heading\" data-id=\"39be9d64\" data-element_type=\"widget\" data-e-type=\"widget\" data-widget_type=\"heading.default\">\n\t\t\t\t<div class=\"elementor-widget-container\">\n\t\t\t\t\t<h1 class=\"elementor-heading-title elementor-size-default\">Notre contact<\/h1>\t\t\t\t<\/div>\n\t\t\t\t<\/div>\n\t\t\t\t\t<\/div>\n\t\t<\/div>\n\t\t\t\t\t<\/div>\n\t\t<\/section>\n\t\t\t\t<section class=\"elementor-section elementor-top-section elementor-element elementor-element-4e2fbb26 elementor-section-boxed elementor-section-height-default elementor-section-height-default\" data-id=\"4e2fbb26\" data-element_type=\"section\" data-e-type=\"section\" data-settings=\"{&quot;background_background&quot;:&quot;classic&quot;}\">\n\t\t\t\t\t\t<div class=\"elementor-container elementor-column-gap-default\">\n\t\t\t\t\t<div class=\"elementor-column elementor-col-50 elementor-top-column elementor-element elementor-element-1b4a28b4 elementor-invisible\" data-id=\"1b4a28b4\" data-element_type=\"column\" data-e-type=\"column\" data-settings=\"{&quot;animation&quot;:&quot;fadeInUp&quot;,&quot;animation_delay&quot;:600}\">\n\t\t\t<div class=\"elementor-widget-wrap elementor-element-populated\">\n\t\t\t\t\t\t<div class=\"elementor-element elementor-element-5126280 elementor-widget elementor-widget-image\" data-id=\"5126280\" data-element_type=\"widget\" data-e-type=\"widget\" data-widget_type=\"image.default\">\n\t\t\t\t<div class=\"elementor-widget-container\">\n\t\t\t\t\t\t\t\t\t\t\t\t\t\t\t<img fetchpriority=\"high\" decoding=\"async\" width=\"2560\" height=\"1440\" src=\"https:\/\/i0.wp.com\/islandgym.ca\/wp-content\/uploads\/2023\/05\/contact-us-page-img.jpg?fit=2560%2C1440&amp;ssl=1\" class=\"attachment-full size-full wp-image-1109\" alt=\"\" srcset=\"https:\/\/i0.wp.com\/islandgym.ca\/wp-content\/uploads\/2023\/05\/contact-us-page-img.jpg?w=2560&amp;ssl=1 2560w, https:\/\/i0.wp.com\/islandgym.ca\/wp-content\/uploads\/2023\/05\/contact-us-page-img.jpg?resize=300%2C169&amp;ssl=1 300w, https:\/\/i0.wp.com\/islandgym.ca\/wp-content\/uploads\/2023\/05\/contact-us-page-img.jpg?resize=1024%2C576&amp;ssl=1 1024w, https:\/\/i0.wp.com\/islandgym.ca\/wp-content\/uploads\/2023\/05\/contact-us-page-img.jpg?resize=768%2C432&amp;ssl=1 768w, https:\/\/i0.wp.com\/islandgym.ca\/wp-content\/uploads\/2023\/05\/contact-us-page-img.jpg?resize=1536%2C864&amp;ssl=1 1536w, https:\/\/i0.wp.com\/islandgym.ca\/wp-content\/uploads\/2023\/05\/contact-us-page-img.jpg?resize=2048%2C1152&amp;ssl=1 2048w\" sizes=\"(max-width: 1000px) 100vw, 1000px\" \/>\t\t\t\t\t\t\t\t\t\t\t\t\t\t\t<\/div>\n\t\t\t\t<\/div>\n\t\t\t\t\t<\/div>\n\t\t<\/div>\n\t\t\t\t<div class=\"elementor-column elementor-col-50 elementor-top-column elementor-element elementor-element-781a67de\" data-id=\"781a67de\" data-element_type=\"column\" data-e-type=\"column\">\n\t\t\t<div class=\"elementor-widget-wrap elementor-element-populated\">\n\t\t\t\t\t\t<div class=\"elementor-element elementor-element-4e874a27 elementor-invisible elementor-widget elementor-widget-text-editor\" data-id=\"4e874a27\" data-element_type=\"widget\" data-e-type=\"widget\" data-settings=\"{&quot;_animation&quot;:&quot;fadeInUp&quot;}\" data-widget_type=\"text-editor.default\">\n\t\t\t\t<div class=\"elementor-widget-container\">\n\t\t\t\t\t\t\t\t\t<p>Contactez nous<\/p>\n\t\t\t\t\t\t\t\t<\/div>\n\t\t\t\t<\/div>\n\t\t\t\t<div class=\"elementor-element elementor-element-6f2df04e elementor-invisible elementor-widget elementor-widget-heading\" data-id=\"6f2df04e\" data-element_type=\"widget\" data-e-type=\"widget\" data-settings=\"{&quot;_animation&quot;:&quot;fadeInUp&quot;,&quot;_animation_delay&quot;:200}\" data-widget_type=\"heading.default\">\n\t\t\t\t<div class=\"elementor-widget-container\">\n\t\t\t\t\t<h2 class=\"elementor-heading-title elementor-size-default\">NOS COORDONN\u00c9ES!<\/h2>\t\t\t\t<\/div>\n\t\t\t\t<\/div>\n\t\t\t\t<div class=\"elementor-element elementor-element-73c0440b elementor-invisible elementor-widget elementor-widget-elementskit-header-info\" data-id=\"73c0440b\" data-element_type=\"widget\" data-e-type=\"widget\" data-settings=\"{&quot;_animation&quot;:&quot;fadeInLeft&quot;}\" data-widget_type=\"elementskit-header-info.default\">\n\t\t\t\t<div class=\"elementor-widget-container\">\n\t\t\t\t\t<div class=\"ekit-wid-con\" >        <ul class=\"ekit-header-info\">\n                                    <li>\n                            <a > \n                                <i aria-hidden=\"true\" class=\"jki jki-map-pin-line\"><\/i>                                87 Grand Boulevard, L&#039;\u00cele-Perrot, QC, J7V 4W6                            <\/a>\n                        <\/li>\n\n                            <\/ul>\n        <\/div>\t\t\t\t<\/div>\n\t\t\t\t<\/div>\n\t\t\t\t<div class=\"elementor-element elementor-element-ccb9546 elementor-invisible elementor-widget elementor-widget-elementskit-header-info\" data-id=\"ccb9546\" data-element_type=\"widget\" data-e-type=\"widget\" data-settings=\"{&quot;_animation&quot;:&quot;fadeInLeft&quot;}\" data-widget_type=\"elementskit-header-info.default\">\n\t\t\t\t<div class=\"elementor-widget-container\">\n\t\t\t\t\t<div class=\"ekit-wid-con\" >        <ul class=\"ekit-header-info\">\n                                    <li>\n                            <a > \n                                <i aria-hidden=\"true\" class=\"jki jki-phone-line\"><\/i>                                +1 514-425-5555                            <\/a>\n                        <\/li>\n\n                            <\/ul>\n        <\/div>\t\t\t\t<\/div>\n\t\t\t\t<\/div>\n\t\t\t\t<div class=\"elementor-element elementor-element-44933b54 elementor-invisible elementor-widget elementor-widget-elementskit-header-info\" data-id=\"44933b54\" data-element_type=\"widget\" data-e-type=\"widget\" data-settings=\"{&quot;_animation&quot;:&quot;fadeInLeft&quot;}\" data-widget_type=\"elementskit-header-info.default\">\n\t\t\t\t<div class=\"elementor-widget-container\">\n\t\t\t\t\t<div class=\"ekit-wid-con\" >        <ul class=\"ekit-header-info\">\n                                    <li>\n                            <a > \n                                <i aria-hidden=\"true\" class=\"jki jki-email1-light\"><\/i>                                gymdelile@gmail.com                            <\/a>\n                        <\/li>\n\n                            <\/ul>\n        <\/div>\t\t\t\t<\/div>\n\t\t\t\t<\/div>\n\t\t\t\t<div class=\"elementor-element elementor-element-9437a8d elementor-invisible elementor-widget elementor-widget-elementskit-header-info\" data-id=\"9437a8d\" data-element_type=\"widget\" data-e-type=\"widget\" data-settings=\"{&quot;_animation&quot;:&quot;fadeInLeft&quot;}\" data-widget_type=\"elementskit-header-info.default\">\n\t\t\t\t<div class=\"elementor-widget-container\">\n\t\t\t\t\t<div class=\"ekit-wid-con\" >        <ul class=\"ekit-header-info\">\n                                    <li>\n                            <a > \n                                <i aria-hidden=\"true\" class=\"jki jki-clock-line\"><\/i>                                24 heures du dimanche au jeudi                            <\/a>\n                        <\/li>\n\n                                            <li>\n                            <a > \n                                <i aria-hidden=\"true\" class=\"jki jki-clock-line\"><\/i>                                Vendredi fermeture \u00e0 23h00                            <\/a>\n                        <\/li>\n\n                                            <li>\n                            <a > \n                                <i aria-hidden=\"true\" class=\"jki jki-clock-line\"><\/i>                                Samedi de 7h00 \u00e0 23h00                            <\/a>\n                        <\/li>\n\n                                            <li>\n                            <a > \n                                <i aria-hidden=\"true\" class=\"jki jki-clock-line\"><\/i>                                Dimanche ouverture \u00e0 7h00                            <\/a>\n                        <\/li>\n\n                            <\/ul>\n        <\/div>\t\t\t\t<\/div>\n\t\t\t\t<\/div>\n\t\t\t\t\t<\/div>\n\t\t<\/div>\n\t\t\t\t\t<\/div>\n\t\t<\/section>\n\t\t\t\t<section class=\"elementor-section elementor-top-section elementor-element elementor-element-5f821549 elementor-section-full_width elementor-section-height-default elementor-section-height-default\" data-id=\"5f821549\" data-element_type=\"section\" data-e-type=\"section\">\n\t\t\t\t\t\t<div class=\"elementor-container elementor-column-gap-default\">\n\t\t\t\t\t<div class=\"elementor-column elementor-col-100 elementor-top-column elementor-element elementor-element-3b3cd86b elementor-invisible\" data-id=\"3b3cd86b\" data-element_type=\"column\" data-e-type=\"column\" data-settings=\"{&quot;animation&quot;:&quot;fadeInUp&quot;}\">\n\t\t\t<div class=\"elementor-widget-wrap elementor-element-populated\">\n\t\t\t\t\t\t<div class=\"elementor-element elementor-element-3036d2f0 elementor-widget elementor-widget-google_maps\" data-id=\"3036d2f0\" data-element_type=\"widget\" data-e-type=\"widget\" data-widget_type=\"google_maps.default\">\n\t\t\t\t<div class=\"elementor-widget-container\">\n\t\t\t\t\t\t\t<div class=\"elementor-custom-embed\">\n\t\t\t<iframe loading=\"lazy\"\n\t\t\t\t\tsrc=\"https:\/\/maps.google.com\/maps?q=island%20gym%20ile%20perrot&#038;t=m&#038;z=12&#038;output=embed&#038;iwloc=near\"\n\t\t\t\t\ttitle=\"island gym ile perrot\"\n\t\t\t\t\taria-label=\"island gym ile perrot\"\n\t\t\t><\/iframe>\n\t\t<\/div>\n\t\t\t\t\t\t<\/div>\n\t\t\t\t<\/div>\n\t\t\t\t\t<\/div>\n\t\t<\/div>\n\t\t\t\t\t<\/div>\n\t\t<\/section>\n\t\t\t\t<\/div>\n\t\t","protected":false},"excerpt":{"rendered":"<p>Notre contact Contactez nous NOS COORDONN\u00c9ES! 87 Grand Boulevard, L&#039;\u00cele-Perrot, QC, J7V 4W6 +1 514-425-5555 gymdelile@gmail.com 24 heures du dimanche au jeudi Vendredi fermeture \u00e0 23h00 Samedi de 7h00 \u00e0 23h00 Dimanche ouverture \u00e0 7h00<\/p>\n","protected":false},"author":1,"featured_media":0,"parent":0,"menu_order":0,"comment_status":"closed","ping_status":"closed","template":"elementor_header_footer","meta":{"nf_dc_page":"","footnotes":""},"class_list":["post-1216","page","type-page","status-publish","hentry"],"yoast_head":"<!-- This site is optimized with the Yoast SEO plugin v27.5 - https:\/\/yoast.com\/product\/yoast-seo-wordpress\/ -->\n<title>Gym de l&#039;\u00cele - Contactez nous<\/title>\n<meta name=\"description\" content=\"Faites le premier pas vers une vie plus saine. Rejoignez le Gym de l&#039;\u00cele et d\u00e9couvrez le pouvoir de transformation du fitness.\" \/>\n<meta name=\"robots\" content=\"index, follow, max-snippet:-1, max-image-preview:large, max-video-preview:-1\" \/>\n<link rel=\"canonical\" href=\"https:\/\/islandgym.ca\/fr\/gym-de-lile-contactez-nous\/\" \/>\n<meta property=\"og:locale\" content=\"fr_FR\" \/>\n<meta property=\"og:type\" content=\"article\" \/>\n<meta property=\"og:title\" content=\"Gym de l&#039;\u00cele - Contactez nous\" \/>\n<meta property=\"og:description\" content=\"Faites le premier pas vers une vie plus saine. Rejoignez le Gym de l&#039;\u00cele et d\u00e9couvrez le pouvoir de transformation du fitness.\" \/>\n<meta property=\"og:url\" content=\"https:\/\/islandgym.ca\/fr\/gym-de-lile-contactez-nous\/\" \/>\n<meta property=\"og:site_name\" content=\"Island Gym\" \/>\n<meta property=\"article:modified_time\" content=\"2025-01-14T19:37:01+00:00\" \/>\n<meta property=\"og:image\" content=\"https:\/\/islandgym.ca\/wp-content\/uploads\/2023\/05\/contact-us-page-img.jpg\" \/>\n<meta name=\"twitter:card\" content=\"summary_large_image\" \/>\n<meta name=\"twitter:label1\" content=\"Dur\u00e9e de lecture estim\u00e9e\" \/>\n\t<meta name=\"twitter:data1\" content=\"1 minute\" \/>\n<script type=\"application\/ld+json\" class=\"yoast-schema-graph\">{\"@context\":\"https:\\\/\\\/schema.org\",\"@graph\":[{\"@type\":\"WebPage\",\"@id\":\"https:\\\/\\\/islandgym.ca\\\/fr\\\/gym-de-lile-contactez-nous\\\/\",\"url\":\"https:\\\/\\\/islandgym.ca\\\/fr\\\/gym-de-lile-contactez-nous\\\/\",\"name\":\"Gym de l'\u00cele - Contactez nous\",\"isPartOf\":{\"@id\":\"https:\\\/\\\/islandgym.ca\\\/fr\\\/#website\"},\"primaryImageOfPage\":{\"@id\":\"https:\\\/\\\/islandgym.ca\\\/fr\\\/gym-de-lile-contactez-nous\\\/#primaryimage\"},\"image\":{\"@id\":\"https:\\\/\\\/islandgym.ca\\\/fr\\\/gym-de-lile-contactez-nous\\\/#primaryimage\"},\"thumbnailUrl\":\"https:\\\/\\\/islandgym.ca\\\/wp-content\\\/uploads\\\/2023\\\/05\\\/contact-us-page-img.jpg\",\"datePublished\":\"2022-12-21T03:48:04+00:00\",\"dateModified\":\"2025-01-14T19:37:01+00:00\",\"description\":\"Faites le premier pas vers une vie plus saine. Rejoignez le Gym de l'\u00cele et d\u00e9couvrez le pouvoir de transformation du fitness.\",\"breadcrumb\":{\"@id\":\"https:\\\/\\\/islandgym.ca\\\/fr\\\/gym-de-lile-contactez-nous\\\/#breadcrumb\"},\"inLanguage\":\"fr-FR\",\"potentialAction\":[{\"@type\":\"ReadAction\",\"target\":[\"https:\\\/\\\/islandgym.ca\\\/fr\\\/gym-de-lile-contactez-nous\\\/\"]}]},{\"@type\":\"ImageObject\",\"inLanguage\":\"fr-FR\",\"@id\":\"https:\\\/\\\/islandgym.ca\\\/fr\\\/gym-de-lile-contactez-nous\\\/#primaryimage\",\"url\":\"https:\\\/\\\/islandgym.ca\\\/wp-content\\\/uploads\\\/2023\\\/05\\\/contact-us-page-img.jpg\",\"contentUrl\":\"https:\\\/\\\/islandgym.ca\\\/wp-content\\\/uploads\\\/2023\\\/05\\\/contact-us-page-img.jpg\"},{\"@type\":\"BreadcrumbList\",\"@id\":\"https:\\\/\\\/islandgym.ca\\\/fr\\\/gym-de-lile-contactez-nous\\\/#breadcrumb\",\"itemListElement\":[{\"@type\":\"ListItem\",\"position\":1,\"name\":\"Home\",\"item\":\"https:\\\/\\\/islandgym.ca\\\/fr\\\/\"},{\"@type\":\"ListItem\",\"position\":2,\"name\":\"Contactez nous\"}]},{\"@type\":\"WebSite\",\"@id\":\"https:\\\/\\\/islandgym.ca\\\/fr\\\/#website\",\"url\":\"https:\\\/\\\/islandgym.ca\\\/fr\\\/\",\"name\":\"Island Gym\",\"description\":\"\",\"potentialAction\":[{\"@type\":\"SearchAction\",\"target\":{\"@type\":\"EntryPoint\",\"urlTemplate\":\"https:\\\/\\\/islandgym.ca\\\/fr\\\/?s={search_term_string}\"},\"query-input\":{\"@type\":\"PropertyValueSpecification\",\"valueRequired\":true,\"valueName\":\"search_term_string\"}}],\"inLanguage\":\"fr-FR\"}]}<\/script>\n<!-- \/ Yoast SEO plugin. -->","yoast_head_json":{"title":"Gym de l'\u00cele - Contactez nous","description":"Faites le premier pas vers une vie plus saine. Rejoignez le Gym de l'\u00cele et d\u00e9couvrez le pouvoir de transformation du fitness.","robots":{"index":"index","follow":"follow","max-snippet":"max-snippet:-1","max-image-preview":"max-image-preview:large","max-video-preview":"max-video-preview:-1"},"canonical":"https:\/\/islandgym.ca\/fr\/gym-de-lile-contactez-nous\/","og_locale":"fr_FR","og_type":"article","og_title":"Gym de l'\u00cele - Contactez nous","og_description":"Faites le premier pas vers une vie plus saine. Rejoignez le Gym de l'\u00cele et d\u00e9couvrez le pouvoir de transformation du fitness.","og_url":"https:\/\/islandgym.ca\/fr\/gym-de-lile-contactez-nous\/","og_site_name":"Island Gym","article_modified_time":"2025-01-14T19:37:01+00:00","og_image":[{"url":"https:\/\/islandgym.ca\/wp-content\/uploads\/2023\/05\/contact-us-page-img.jpg","type":"","width":"","height":""}],"twitter_card":"summary_large_image","twitter_misc":{"Dur\u00e9e de lecture estim\u00e9e":"1 minute"},"schema":{"@context":"https:\/\/schema.org","@graph":[{"@type":"WebPage","@id":"https:\/\/islandgym.ca\/fr\/gym-de-lile-contactez-nous\/","url":"https:\/\/islandgym.ca\/fr\/gym-de-lile-contactez-nous\/","name":"Gym de l'\u00cele - Contactez nous","isPartOf":{"@id":"https:\/\/islandgym.ca\/fr\/#website"},"primaryImageOfPage":{"@id":"https:\/\/islandgym.ca\/fr\/gym-de-lile-contactez-nous\/#primaryimage"},"image":{"@id":"https:\/\/islandgym.ca\/fr\/gym-de-lile-contactez-nous\/#primaryimage"},"thumbnailUrl":"https:\/\/islandgym.ca\/wp-content\/uploads\/2023\/05\/contact-us-page-img.jpg","datePublished":"2022-12-21T03:48:04+00:00","dateModified":"2025-01-14T19:37:01+00:00","description":"Faites le premier pas vers une vie plus saine. Rejoignez le Gym de l'\u00cele et d\u00e9couvrez le pouvoir de transformation du fitness.","breadcrumb":{"@id":"https:\/\/islandgym.ca\/fr\/gym-de-lile-contactez-nous\/#breadcrumb"},"inLanguage":"fr-FR","potentialAction":[{"@type":"ReadAction","target":["https:\/\/islandgym.ca\/fr\/gym-de-lile-contactez-nous\/"]}]},{"@type":"ImageObject","inLanguage":"fr-FR","@id":"https:\/\/islandgym.ca\/fr\/gym-de-lile-contactez-nous\/#primaryimage","url":"https:\/\/islandgym.ca\/wp-content\/uploads\/2023\/05\/contact-us-page-img.jpg","contentUrl":"https:\/\/islandgym.ca\/wp-content\/uploads\/2023\/05\/contact-us-page-img.jpg"},{"@type":"BreadcrumbList","@id":"https:\/\/islandgym.ca\/fr\/gym-de-lile-contactez-nous\/#breadcrumb","itemListElement":[{"@type":"ListItem","position":1,"name":"Home","item":"https:\/\/islandgym.ca\/fr\/"},{"@type":"ListItem","position":2,"name":"Contactez nous"}]},{"@type":"WebSite","@id":"https:\/\/islandgym.ca\/fr\/#website","url":"https:\/\/islandgym.ca\/fr\/","name":"Island Gym","description":"","potentialAction":[{"@type":"SearchAction","target":{"@type":"EntryPoint","urlTemplate":"https:\/\/islandgym.ca\/fr\/?s={search_term_string}"},"query-input":{"@type":"PropertyValueSpecification","valueRequired":true,"valueName":"search_term_string"}}],"inLanguage":"fr-FR"}]}},"jetpack_sharing_enabled":true,"_links":{"self":[{"href":"https:\/\/islandgym.ca\/fr\/wp-json\/wp\/v2\/pages\/1216","targetHints":{"allow":["GET"]}}],"collection":[{"href":"https:\/\/islandgym.ca\/fr\/wp-json\/wp\/v2\/pages"}],"about":[{"href":"https:\/\/islandgym.ca\/fr\/wp-json\/wp\/v2\/types\/page"}],"author":[{"embeddable":true,"href":"https:\/\/islandgym.ca\/fr\/wp-json\/wp\/v2\/users\/1"}],"replies":[{"embeddable":true,"href":"https:\/\/islandgym.ca\/fr\/wp-json\/wp\/v2\/comments?post=1216"}],"version-history":[{"count":11,"href":"https:\/\/islandgym.ca\/fr\/wp-json\/wp\/v2\/pages\/1216\/revisions"}],"predecessor-version":[{"id":1743,"href":"https:\/\/islandgym.ca\/fr\/wp-json\/wp\/v2\/pages\/1216\/revisions\/1743"}],"wp:attachment":[{"href":"https:\/\/islandgym.ca\/fr\/wp-json\/wp\/v2\/media?parent=1216"}],"curies":[{"name":"wp","href":"https:\/\/api.w.org\/{rel}","templated":true}]}}