{"id":1206,"date":"2022-12-21T03:35:36","date_gmt":"2022-12-21T03:35:36","guid":{"rendered":"https:\/\/islandgym.ca\/a-propos-de-nous\/"},"modified":"2023-08-15T20:33:08","modified_gmt":"2023-08-15T20:33:08","slug":"gym-de-lile-a-propos-de-nous","status":"publish","type":"page","link":"https:\/\/islandgym.ca\/fr\/gym-de-lile-a-propos-de-nous\/","title":{"rendered":"\u00c0 propos de nous"},"content":{"rendered":"\t\t<div data-elementor-type=\"wp-page\" data-elementor-id=\"1206\" class=\"elementor elementor-1206 elementor-117\">\n\t\t\t\t\t\t<section class=\"elementor-section elementor-top-section elementor-element elementor-element-76cc697a elementor-section-boxed elementor-section-height-default elementor-section-height-default\" data-id=\"76cc697a\" data-element_type=\"section\" data-e-type=\"section\" data-settings=\"{&quot;background_background&quot;:&quot;classic&quot;}\">\n\t\t\t\t\t\t\t<div class=\"elementor-background-overlay\"><\/div>\n\t\t\t\t\t\t\t<div class=\"elementor-container elementor-column-gap-default\">\n\t\t\t\t\t<div class=\"elementor-column elementor-col-100 elementor-top-column elementor-element elementor-element-53ab086e elementor-invisible\" data-id=\"53ab086e\" data-element_type=\"column\" data-e-type=\"column\" data-settings=\"{&quot;animation&quot;:&quot;fadeInUp&quot;}\">\n\t\t\t<div class=\"elementor-widget-wrap elementor-element-populated\">\n\t\t\t\t\t\t<div class=\"elementor-element elementor-element-44a40301 elementor-widget elementor-widget-heading\" data-id=\"44a40301\" data-element_type=\"widget\" data-e-type=\"widget\" data-widget_type=\"heading.default\">\n\t\t\t\t<div class=\"elementor-widget-container\">\n\t\t\t\t\t<h1 class=\"elementor-heading-title elementor-size-default\">\u00c0 propos de nous<\/h1>\t\t\t\t<\/div>\n\t\t\t\t<\/div>\n\t\t\t\t\t<\/div>\n\t\t<\/div>\n\t\t\t\t\t<\/div>\n\t\t<\/section>\n\t\t\t\t<section class=\"elementor-section elementor-top-section elementor-element elementor-element-196025ed elementor-section-boxed elementor-section-height-default elementor-section-height-default\" data-id=\"196025ed\" data-element_type=\"section\" data-e-type=\"section\" data-settings=\"{&quot;background_background&quot;:&quot;classic&quot;}\">\n\t\t\t\t\t\t<div class=\"elementor-container elementor-column-gap-default\">\n\t\t\t\t\t<div class=\"elementor-column elementor-col-50 elementor-top-column elementor-element elementor-element-375cd2be elementor-invisible\" data-id=\"375cd2be\" data-element_type=\"column\" data-e-type=\"column\" data-settings=\"{&quot;background_background&quot;:&quot;classic&quot;,&quot;animation&quot;:&quot;fadeInUp&quot;}\">\n\t\t\t<div class=\"elementor-widget-wrap elementor-element-populated\">\n\t\t\t\t\t<div class=\"elementor-background-overlay\"><\/div>\n\t\t\t\t\t\t<div class=\"elementor-element elementor-element-f89ad76 elementor-widget elementor-widget-image\" data-id=\"f89ad76\" data-element_type=\"widget\" data-e-type=\"widget\" data-widget_type=\"image.default\">\n\t\t\t\t<div class=\"elementor-widget-container\">\n\t\t\t\t\t\t\t\t\t\t\t\t\t\t\t<img fetchpriority=\"high\" decoding=\"async\" width=\"2560\" height=\"1440\" src=\"https:\/\/i0.wp.com\/islandgym.ca\/wp-content\/uploads\/2023\/05\/gallery-img-5.jpg?fit=2560%2C1440&amp;ssl=1\" class=\"attachment-full size-full wp-image-1097\" alt=\"\" srcset=\"https:\/\/i0.wp.com\/islandgym.ca\/wp-content\/uploads\/2023\/05\/gallery-img-5.jpg?w=2560&amp;ssl=1 2560w, https:\/\/i0.wp.com\/islandgym.ca\/wp-content\/uploads\/2023\/05\/gallery-img-5.jpg?resize=300%2C169&amp;ssl=1 300w, https:\/\/i0.wp.com\/islandgym.ca\/wp-content\/uploads\/2023\/05\/gallery-img-5.jpg?resize=1024%2C576&amp;ssl=1 1024w, https:\/\/i0.wp.com\/islandgym.ca\/wp-content\/uploads\/2023\/05\/gallery-img-5.jpg?resize=768%2C432&amp;ssl=1 768w, https:\/\/i0.wp.com\/islandgym.ca\/wp-content\/uploads\/2023\/05\/gallery-img-5.jpg?resize=1536%2C864&amp;ssl=1 1536w, https:\/\/i0.wp.com\/islandgym.ca\/wp-content\/uploads\/2023\/05\/gallery-img-5.jpg?resize=2048%2C1152&amp;ssl=1 2048w\" sizes=\"(max-width: 1000px) 100vw, 1000px\" \/>\t\t\t\t\t\t\t\t\t\t\t\t\t\t\t<\/div>\n\t\t\t\t<\/div>\n\t\t\t\t\t<\/div>\n\t\t<\/div>\n\t\t\t\t<div class=\"elementor-column elementor-col-50 elementor-top-column elementor-element elementor-element-73600f8\" data-id=\"73600f8\" data-element_type=\"column\" data-e-type=\"column\">\n\t\t\t<div class=\"elementor-widget-wrap elementor-element-populated\">\n\t\t\t\t\t\t<div class=\"elementor-element elementor-element-2562dbba elementor-invisible elementor-widget elementor-widget-heading\" data-id=\"2562dbba\" data-element_type=\"widget\" data-e-type=\"widget\" data-settings=\"{&quot;_animation&quot;:&quot;fadeInUp&quot;,&quot;_animation_delay&quot;:200}\" data-widget_type=\"heading.default\">\n\t\t\t\t<div class=\"elementor-widget-container\">\n\t\t\t\t\t<h2 class=\"elementor-heading-title elementor-size-default\">NOTRE HISTOIRE<\/h2>\t\t\t\t<\/div>\n\t\t\t\t<\/div>\n\t\t\t\t<div class=\"elementor-element elementor-element-6657c05c elementor-invisible elementor-widget elementor-widget-text-editor\" data-id=\"6657c05c\" data-element_type=\"widget\" data-e-type=\"widget\" data-settings=\"{&quot;_animation&quot;:&quot;fadeInUp&quot;,&quot;_animation_delay&quot;:400}\" data-widget_type=\"text-editor.default\">\n\t\t\t\t<div class=\"elementor-widget-container\">\n\t\t\t\t\t\t\t\t\t<p>En avril 2001 Gym de l\u2019\u00cele ouvre officiellement ses portes! D\u00e8s son ouverture, Gym de l\u2019\u00cele est devenu la r\u00e9f\u00e9rence en mati\u00e8re de centre de conditionnement physique dans la r\u00e9gion. Gym de l\u2019\u00cele red\u00e9finit l&#8217;art de s&#8217;entra\u00eener et innove dans ses \u00e9quipements.<\/p><p>Depuis lors, nous poursuivons notre r\u00eave d&#8217;offrir \u00e0 nos clients une exp\u00e9rience d&#8217;entra\u00eenement, de remise en forme et de bien-\u00eatre qui sont en soi une n\u00e9cessit\u00e9 qui rajeunit et inspire.<\/p><p><strong>Hugo Dumoulin<\/strong><br \/><strong>Pr\u00e9sident<\/strong><\/p>\t\t\t\t\t\t\t\t<\/div>\n\t\t\t\t<\/div>\n\t\t\t\t\t<\/div>\n\t\t<\/div>\n\t\t\t\t\t<\/div>\n\t\t<\/section>\n\t\t\t\t<\/div>\n\t\t","protected":false},"excerpt":{"rendered":"<p>\u00c0 propos de nous NOTRE HISTOIRE En avril 2001 Gym de l\u2019\u00cele ouvre officiellement ses portes! D\u00e8s son ouverture, Gym de l\u2019\u00cele est devenu la r\u00e9f\u00e9rence en mati\u00e8re de centre de conditionnement physique dans la r\u00e9gion. Gym de l\u2019\u00cele red\u00e9finit l&#8217;art de s&#8217;entra\u00eener et innove dans ses \u00e9quipements. Depuis lors, nous poursuivons notre r\u00eave d&#8217;offrir [&hellip;]<\/p>\n","protected":false},"author":1,"featured_media":0,"parent":0,"menu_order":0,"comment_status":"closed","ping_status":"closed","template":"elementor_header_footer","meta":{"nf_dc_page":"","footnotes":""},"class_list":["post-1206","page","type-page","status-publish","hentry"],"yoast_head":"<!-- This site is optimized with the Yoast SEO plugin v27.5 - https:\/\/yoast.com\/product\/yoast-seo-wordpress\/ -->\n<title>Gym de l\u2019\u00cele - \u00c0 propos de nous<\/title>\n<meta name=\"description\" content=\"En avril 2001 Gym de l\u2019\u00cele ouvre officiellement ses portes! Le gym est devenu la r\u00e9f\u00e9rence en mati\u00e8re de centre de conditionnement physique.\" \/>\n<meta name=\"robots\" content=\"index, follow, max-snippet:-1, max-image-preview:large, max-video-preview:-1\" \/>\n<link rel=\"canonical\" href=\"https:\/\/islandgym.ca\/fr\/gym-de-lile-a-propos-de-nous\/\" \/>\n<meta property=\"og:locale\" content=\"fr_FR\" \/>\n<meta property=\"og:type\" content=\"article\" \/>\n<meta property=\"og:title\" content=\"Gym de l\u2019\u00cele - \u00c0 propos de nous\" \/>\n<meta property=\"og:description\" content=\"En avril 2001 Gym de l\u2019\u00cele ouvre officiellement ses portes! Le gym est devenu la r\u00e9f\u00e9rence en mati\u00e8re de centre de conditionnement physique.\" \/>\n<meta property=\"og:url\" content=\"https:\/\/islandgym.ca\/fr\/gym-de-lile-a-propos-de-nous\/\" \/>\n<meta property=\"og:site_name\" content=\"Island Gym\" \/>\n<meta property=\"article:modified_time\" content=\"2023-08-15T20:33:08+00:00\" \/>\n<meta property=\"og:image\" content=\"https:\/\/islandgym.ca\/wp-content\/uploads\/2023\/05\/gallery-img-5.jpg\" \/>\n<meta name=\"twitter:card\" content=\"summary_large_image\" \/>\n<meta name=\"twitter:label1\" content=\"Dur\u00e9e de lecture estim\u00e9e\" \/>\n\t<meta name=\"twitter:data1\" content=\"1 minute\" \/>\n<script type=\"application\/ld+json\" class=\"yoast-schema-graph\">{\"@context\":\"https:\\\/\\\/schema.org\",\"@graph\":[{\"@type\":\"WebPage\",\"@id\":\"https:\\\/\\\/islandgym.ca\\\/fr\\\/gym-de-lile-a-propos-de-nous\\\/\",\"url\":\"https:\\\/\\\/islandgym.ca\\\/fr\\\/gym-de-lile-a-propos-de-nous\\\/\",\"name\":\"Gym de l\u2019\u00cele - \u00c0 propos de nous\",\"isPartOf\":{\"@id\":\"https:\\\/\\\/islandgym.ca\\\/fr\\\/#website\"},\"primaryImageOfPage\":{\"@id\":\"https:\\\/\\\/islandgym.ca\\\/fr\\\/gym-de-lile-a-propos-de-nous\\\/#primaryimage\"},\"image\":{\"@id\":\"https:\\\/\\\/islandgym.ca\\\/fr\\\/gym-de-lile-a-propos-de-nous\\\/#primaryimage\"},\"thumbnailUrl\":\"https:\\\/\\\/islandgym.ca\\\/wp-content\\\/uploads\\\/2023\\\/05\\\/gallery-img-5.jpg\",\"datePublished\":\"2022-12-21T03:35:36+00:00\",\"dateModified\":\"2023-08-15T20:33:08+00:00\",\"description\":\"En avril 2001 Gym de l\u2019\u00cele ouvre officiellement ses portes! Le gym est devenu la r\u00e9f\u00e9rence en mati\u00e8re de centre de conditionnement physique.\",\"breadcrumb\":{\"@id\":\"https:\\\/\\\/islandgym.ca\\\/fr\\\/gym-de-lile-a-propos-de-nous\\\/#breadcrumb\"},\"inLanguage\":\"fr-FR\",\"potentialAction\":[{\"@type\":\"ReadAction\",\"target\":[\"https:\\\/\\\/islandgym.ca\\\/fr\\\/gym-de-lile-a-propos-de-nous\\\/\"]}]},{\"@type\":\"ImageObject\",\"inLanguage\":\"fr-FR\",\"@id\":\"https:\\\/\\\/islandgym.ca\\\/fr\\\/gym-de-lile-a-propos-de-nous\\\/#primaryimage\",\"url\":\"https:\\\/\\\/islandgym.ca\\\/wp-content\\\/uploads\\\/2023\\\/05\\\/gallery-img-5.jpg\",\"contentUrl\":\"https:\\\/\\\/islandgym.ca\\\/wp-content\\\/uploads\\\/2023\\\/05\\\/gallery-img-5.jpg\"},{\"@type\":\"BreadcrumbList\",\"@id\":\"https:\\\/\\\/islandgym.ca\\\/fr\\\/gym-de-lile-a-propos-de-nous\\\/#breadcrumb\",\"itemListElement\":[{\"@type\":\"ListItem\",\"position\":1,\"name\":\"Home\",\"item\":\"https:\\\/\\\/islandgym.ca\\\/fr\\\/\"},{\"@type\":\"ListItem\",\"position\":2,\"name\":\"\u00c0 propos de nous\"}]},{\"@type\":\"WebSite\",\"@id\":\"https:\\\/\\\/islandgym.ca\\\/fr\\\/#website\",\"url\":\"https:\\\/\\\/islandgym.ca\\\/fr\\\/\",\"name\":\"Island Gym\",\"description\":\"\",\"potentialAction\":[{\"@type\":\"SearchAction\",\"target\":{\"@type\":\"EntryPoint\",\"urlTemplate\":\"https:\\\/\\\/islandgym.ca\\\/fr\\\/?s={search_term_string}\"},\"query-input\":{\"@type\":\"PropertyValueSpecification\",\"valueRequired\":true,\"valueName\":\"search_term_string\"}}],\"inLanguage\":\"fr-FR\"}]}<\/script>\n<!-- \/ Yoast SEO plugin. -->","yoast_head_json":{"title":"Gym de l\u2019\u00cele - \u00c0 propos de nous","description":"En avril 2001 Gym de l\u2019\u00cele ouvre officiellement ses portes! Le gym est devenu la r\u00e9f\u00e9rence en mati\u00e8re de centre de conditionnement physique.","robots":{"index":"index","follow":"follow","max-snippet":"max-snippet:-1","max-image-preview":"max-image-preview:large","max-video-preview":"max-video-preview:-1"},"canonical":"https:\/\/islandgym.ca\/fr\/gym-de-lile-a-propos-de-nous\/","og_locale":"fr_FR","og_type":"article","og_title":"Gym de l\u2019\u00cele - \u00c0 propos de nous","og_description":"En avril 2001 Gym de l\u2019\u00cele ouvre officiellement ses portes! Le gym est devenu la r\u00e9f\u00e9rence en mati\u00e8re de centre de conditionnement physique.","og_url":"https:\/\/islandgym.ca\/fr\/gym-de-lile-a-propos-de-nous\/","og_site_name":"Island Gym","article_modified_time":"2023-08-15T20:33:08+00:00","og_image":[{"url":"https:\/\/islandgym.ca\/wp-content\/uploads\/2023\/05\/gallery-img-5.jpg","type":"","width":"","height":""}],"twitter_card":"summary_large_image","twitter_misc":{"Dur\u00e9e de lecture estim\u00e9e":"1 minute"},"schema":{"@context":"https:\/\/schema.org","@graph":[{"@type":"WebPage","@id":"https:\/\/islandgym.ca\/fr\/gym-de-lile-a-propos-de-nous\/","url":"https:\/\/islandgym.ca\/fr\/gym-de-lile-a-propos-de-nous\/","name":"Gym de l\u2019\u00cele - \u00c0 propos de nous","isPartOf":{"@id":"https:\/\/islandgym.ca\/fr\/#website"},"primaryImageOfPage":{"@id":"https:\/\/islandgym.ca\/fr\/gym-de-lile-a-propos-de-nous\/#primaryimage"},"image":{"@id":"https:\/\/islandgym.ca\/fr\/gym-de-lile-a-propos-de-nous\/#primaryimage"},"thumbnailUrl":"https:\/\/islandgym.ca\/wp-content\/uploads\/2023\/05\/gallery-img-5.jpg","datePublished":"2022-12-21T03:35:36+00:00","dateModified":"2023-08-15T20:33:08+00:00","description":"En avril 2001 Gym de l\u2019\u00cele ouvre officiellement ses portes! Le gym est devenu la r\u00e9f\u00e9rence en mati\u00e8re de centre de conditionnement physique.","breadcrumb":{"@id":"https:\/\/islandgym.ca\/fr\/gym-de-lile-a-propos-de-nous\/#breadcrumb"},"inLanguage":"fr-FR","potentialAction":[{"@type":"ReadAction","target":["https:\/\/islandgym.ca\/fr\/gym-de-lile-a-propos-de-nous\/"]}]},{"@type":"ImageObject","inLanguage":"fr-FR","@id":"https:\/\/islandgym.ca\/fr\/gym-de-lile-a-propos-de-nous\/#primaryimage","url":"https:\/\/islandgym.ca\/wp-content\/uploads\/2023\/05\/gallery-img-5.jpg","contentUrl":"https:\/\/islandgym.ca\/wp-content\/uploads\/2023\/05\/gallery-img-5.jpg"},{"@type":"BreadcrumbList","@id":"https:\/\/islandgym.ca\/fr\/gym-de-lile-a-propos-de-nous\/#breadcrumb","itemListElement":[{"@type":"ListItem","position":1,"name":"Home","item":"https:\/\/islandgym.ca\/fr\/"},{"@type":"ListItem","position":2,"name":"\u00c0 propos de nous"}]},{"@type":"WebSite","@id":"https:\/\/islandgym.ca\/fr\/#website","url":"https:\/\/islandgym.ca\/fr\/","name":"Island Gym","description":"","potentialAction":[{"@type":"SearchAction","target":{"@type":"EntryPoint","urlTemplate":"https:\/\/islandgym.ca\/fr\/?s={search_term_string}"},"query-input":{"@type":"PropertyValueSpecification","valueRequired":true,"valueName":"search_term_string"}}],"inLanguage":"fr-FR"}]}},"jetpack_sharing_enabled":true,"_links":{"self":[{"href":"https:\/\/islandgym.ca\/fr\/wp-json\/wp\/v2\/pages\/1206","targetHints":{"allow":["GET"]}}],"collection":[{"href":"https:\/\/islandgym.ca\/fr\/wp-json\/wp\/v2\/pages"}],"about":[{"href":"https:\/\/islandgym.ca\/fr\/wp-json\/wp\/v2\/types\/page"}],"author":[{"embeddable":true,"href":"https:\/\/islandgym.ca\/fr\/wp-json\/wp\/v2\/users\/1"}],"replies":[{"embeddable":true,"href":"https:\/\/islandgym.ca\/fr\/wp-json\/wp\/v2\/comments?post=1206"}],"version-history":[{"count":4,"href":"https:\/\/islandgym.ca\/fr\/wp-json\/wp\/v2\/pages\/1206\/revisions"}],"predecessor-version":[{"id":1513,"href":"https:\/\/islandgym.ca\/fr\/wp-json\/wp\/v2\/pages\/1206\/revisions\/1513"}],"wp:attachment":[{"href":"https:\/\/islandgym.ca\/fr\/wp-json\/wp\/v2\/media?parent=1206"}],"curies":[{"name":"wp","href":"https:\/\/api.w.org\/{rel}","templated":true}]}}